{"id":49,"date":"2019-02-08T12:14:45","date_gmt":"2019-02-08T11:14:45","guid":{"rendered":"http:\/\/floreloireau.fr\/wordpress\/?page_id=49"},"modified":"2025-08-29T09:26:50","modified_gmt":"2025-08-29T07:26:50","slug":"contact","status":"publish","type":"page","link":"https:\/\/floreloireau.fr\/wordpress\/contact\/","title":{"rendered":"Contact"},"content":{"rendered":"\n<div style=\"height:75px\" aria-hidden=\"true\" class=\"wp-block-spacer\"><\/div>\n\n\n\n<div class=\"wp-block-columns is-layout-flex wp-container-core-columns-is-layout-9d6595d7 wp-block-columns-is-layout-flex\">\n<div class=\"wp-block-column is-layout-flow wp-block-column-is-layout-flow\">\n<figure class=\"wp-block-image size-full is-resized\"><img loading=\"lazy\" decoding=\"async\" width=\"2560\" height=\"2560\" src=\"https:\/\/floreloireau.fr\/wordpress\/wp-content\/uploads\/2025\/07\/\u00a9Frederic_Campain_-DSC02942-1-scaled.jpg\" alt=\"\" class=\"wp-image-1214\" style=\"width:300px;height:300px\" srcset=\"https:\/\/floreloireau.fr\/wordpress\/wp-content\/uploads\/2025\/07\/\u00a9Frederic_Campain_-DSC02942-1-scaled.jpg 2560w, https:\/\/floreloireau.fr\/wordpress\/wp-content\/uploads\/2025\/07\/\u00a9Frederic_Campain_-DSC02942-1-300x300.jpg 300w, https:\/\/floreloireau.fr\/wordpress\/wp-content\/uploads\/2025\/07\/\u00a9Frederic_Campain_-DSC02942-1-1024x1024.jpg 1024w, https:\/\/floreloireau.fr\/wordpress\/wp-content\/uploads\/2025\/07\/\u00a9Frederic_Campain_-DSC02942-1-150x150.jpg 150w, https:\/\/floreloireau.fr\/wordpress\/wp-content\/uploads\/2025\/07\/\u00a9Frederic_Campain_-DSC02942-1-768x768.jpg 768w, https:\/\/floreloireau.fr\/wordpress\/wp-content\/uploads\/2025\/07\/\u00a9Frederic_Campain_-DSC02942-1-1536x1536.jpg 1536w, https:\/\/floreloireau.fr\/wordpress\/wp-content\/uploads\/2025\/07\/\u00a9Frederic_Campain_-DSC02942-1-2048x2048.jpg 2048w, https:\/\/floreloireau.fr\/wordpress\/wp-content\/uploads\/2025\/07\/\u00a9Frederic_Campain_-DSC02942-1-1660x1660.jpg 1660w, https:\/\/floreloireau.fr\/wordpress\/wp-content\/uploads\/2025\/07\/\u00a9Frederic_Campain_-DSC02942-1-1320x1320.jpg 1320w\" sizes=\"auto, (max-width: 2560px) 100vw, 2560px\" \/><\/figure>\n\n\n\n<div style=\"height:14px\" aria-hidden=\"true\" class=\"wp-block-spacer\"><\/div>\n\n\n\n<p><strong>Atelier \u00e0 Gragnague (31380)<br>Visite sur rendez-vous<\/strong><\/p>\n\n\n\n<p>Cr\u00e9dits photos :<br><em>J\u00e9r\u00e9mie Logeay<br>Tanguy De Montesson<br>Fr\u00e9d\u00e9ric Campain<\/em><br>Sabato Renzullo\/ <em>Anna Puig Rosad<\/em>o<\/p>\n<\/div>\n\n\n\n<div class=\"wp-block-column is-layout-flow wp-block-column-is-layout-flow\">\n<div class=\"wp-block-contact-form-7-contact-form-selector\">\n<div class=\"wpcf7 no-js\" id=\"wpcf7-f311-o1\" lang=\"fr-FR\" dir=\"ltr\" data-wpcf7-id=\"311\">\n<div class=\"screen-reader-response\"><p role=\"status\" aria-live=\"polite\" aria-atomic=\"true\"><\/p> <ul><\/ul><\/div>\n<form action=\"\/wordpress\/wp-json\/wp\/v2\/pages\/49#wpcf7-f311-o1\" method=\"post\" class=\"wpcf7-form init\" aria-label=\"Formulaire de contact\" novalidate=\"novalidate\" data-status=\"init\">\n<fieldset class=\"hidden-fields-container\"><input type=\"hidden\" name=\"_wpcf7\" value=\"311\" \/><input type=\"hidden\" name=\"_wpcf7_version\" value=\"6.1.5\" \/><input type=\"hidden\" name=\"_wpcf7_locale\" value=\"fr_FR\" \/><input type=\"hidden\" name=\"_wpcf7_unit_tag\" value=\"wpcf7-f311-o1\" \/><input type=\"hidden\" name=\"_wpcf7_container_post\" value=\"0\" \/><input type=\"hidden\" name=\"_wpcf7_posted_data_hash\" value=\"\" \/>\n<\/fieldset>\n<p><label> Votre nom (obligatoire)<br \/>\n<span class=\"wpcf7-form-control-wrap\" data-name=\"your-name\"><input size=\"40\" maxlength=\"400\" class=\"wpcf7-form-control wpcf7-text wpcf7-validates-as-required\" aria-required=\"true\" aria-invalid=\"false\" value=\"\" type=\"text\" name=\"your-name\" \/><\/span> <\/label>\n<\/p>\n<p><label> Votre adresse de messagerie (obligatoire)<br \/>\n<span class=\"wpcf7-form-control-wrap\" data-name=\"your-email\"><input size=\"40\" maxlength=\"400\" class=\"wpcf7-form-control wpcf7-email wpcf7-validates-as-required wpcf7-text wpcf7-validates-as-email\" aria-required=\"true\" aria-invalid=\"false\" value=\"\" type=\"email\" name=\"your-email\" \/><\/span> <\/label>\n<\/p>\n<p><label> Objet<br \/>\n<span class=\"wpcf7-form-control-wrap\" data-name=\"your-subject\"><input size=\"40\" maxlength=\"400\" class=\"wpcf7-form-control wpcf7-text\" aria-invalid=\"false\" value=\"\" type=\"text\" name=\"your-subject\" \/><\/span> <\/label>\n<\/p>\n<p><label> Votre message<br \/>\n<span class=\"wpcf7-form-control-wrap\" data-name=\"your-message\"><textarea cols=\"40\" rows=\"10\" maxlength=\"2000\" class=\"wpcf7-form-control wpcf7-textarea\" aria-invalid=\"false\" name=\"your-message\"><\/textarea><\/span> <\/label>\n<\/p>\n<p><input class=\"wpcf7-form-control wpcf7-submit has-spinner\" type=\"submit\" value=\"Envoyer\" \/>\n<\/p><div class=\"wpcf7-response-output\" aria-hidden=\"true\"><\/div>\n<\/form>\n<\/div>\n<\/div>\n<\/div>\n<\/div>\n","protected":false},"excerpt":{"rendered":"<p class=\"continue-reading-button\"> <a class=\"continue-reading-link\" href=\"https:\/\/floreloireau.fr\/wordpress\/contact\/\">Lire l&rsquo;article<i class=\"crycon-right-dir\"><\/i><\/a><\/p>\n","protected":false},"author":1,"featured_media":0,"parent":0,"menu_order":0,"comment_status":"closed","ping_status":"closed","template":"","meta":{"footnotes":""},"class_list":["post-49","page","type-page","status-publish","hentry"],"_links":{"self":[{"href":"https:\/\/floreloireau.fr\/wordpress\/wp-json\/wp\/v2\/pages\/49","targetHints":{"allow":["GET"]}}],"collection":[{"href":"https:\/\/floreloireau.fr\/wordpress\/wp-json\/wp\/v2\/pages"}],"about":[{"href":"https:\/\/floreloireau.fr\/wordpress\/wp-json\/wp\/v2\/types\/page"}],"author":[{"embeddable":true,"href":"https:\/\/floreloireau.fr\/wordpress\/wp-json\/wp\/v2\/users\/1"}],"replies":[{"embeddable":true,"href":"https:\/\/floreloireau.fr\/wordpress\/wp-json\/wp\/v2\/comments?post=49"}],"version-history":[{"count":19,"href":"https:\/\/floreloireau.fr\/wordpress\/wp-json\/wp\/v2\/pages\/49\/revisions"}],"predecessor-version":[{"id":1522,"href":"https:\/\/floreloireau.fr\/wordpress\/wp-json\/wp\/v2\/pages\/49\/revisions\/1522"}],"wp:attachment":[{"href":"https:\/\/floreloireau.fr\/wordpress\/wp-json\/wp\/v2\/media?parent=49"}],"curies":[{"name":"wp","href":"https:\/\/api.w.org\/{rel}","templated":true}]}}